{"id":1720,"date":"2024-04-16T18:44:11","date_gmt":"2024-04-16T16:44:11","guid":{"rendered":"https:\/\/svenvineis.com\/?page_id=1720"},"modified":"2024-04-24T12:09:47","modified_gmt":"2024-04-24T10:09:47","slug":"mentions-legales","status":"publish","type":"page","link":"https:\/\/svenvineis.com\/en\/mentions-legales\/","title":{"rendered":"Mentions L\u00e9gales"},"content":{"rendered":"<h2 class=\"wp-block-heading has-medium-font-size\">1 - Website Publication<\/h2>\n\n\n\n<p><\/p>\n\n\n\n<p>In accordance with&nbsp;<a href=\"https:\/\/www.legifrance.gouv.fr\/affichTexte.do?cidTexte=JORFTEXT000000801164#LEGIARTI000042038977\" target=\"_blank\" rel=\"noreferrer noopener\">Article 6 of Law No. 2004-575 of June 21, 2004<\/a>&nbsp;on confidence in the digital economy, users of the website&nbsp;<strong>https:\/\/svenvineis.com<\/strong>&nbsp;are informed of the identity of the various contributors involved in its development and monitoring:<\/p>\n\n\n\n<p><strong>Site Owner:&nbsp;<\/strong>Sven Vineis\u00a0\u2013 Contact :\u00a0svenvineis@hotmail.com\u00a0\u2013 Address:\u00a038 chemin de la Montagne, 1224 Ch\u00eane-Bougeries \u2013 Switzerland.<\/p>\n\n\n\n<p><strong>Publication director&nbsp;<\/strong>Sven Vineis&nbsp;&#8211; Contact :&nbsp;svenvineis@hotmail.com.<\/p>\n\n\n\n<p><strong>Website Host:<\/strong>&nbsp;Infomaniak \u2013 Rue Eug\u00e8ne-Marziano 25, 1227 Geneva, Switzerland \u2013 Phone : +41.22.820.35.44<\/p>\n\n\n\n<p><strong>DPO:\u00a0<\/strong>Sven Vineis\u00a0<\/p>\n\n\n\n<p><\/p>\n\n\n\n<h2 class=\"wp-block-heading has-medium-font-size\">2 \u2013 INTELLECTUAL PROPERTY AND COUNTERFEITING<\/h2>\n\n\n\n<p><\/p>\n\n\n\n<p><strong>Sven Vineis&nbsp;<\/strong>is the owner of the intellectual property rights and holds the usage rights to all elements accessible on the website, notably the texts, images, graphics, logos, videos, architecture, icons, and sounds.<\/p>\n\n\n\n<p>Any reproduction, representation, modification, publication, or adaptation of all or part of the elements of the site, regardless of the means or process used, is prohibited, except with the prior written authorization of Sven Vineis.&nbsp;<strong>Sven Vineis&nbsp;<\/strong>.<\/p>\n\n\n\n<p>Any unauthorized use of the site or any of the elements it contains will be considered as constituting an infringement and will be pursued in accordance with the provisions of articles\u00a0<a href=\"https:\/\/www.legifrance.gouv.fr\/affichCodeArticle.do?idArticle=LEGIARTI000032655082&amp;cidTexte=LEGITEXT000006069414&amp;dateTexte=20160605\" target=\"_blank\" rel=\"noreferrer noopener\">L.335-2 and following of the Intellectual Property Code.<\/a>.<\/p>\n\n\n\n<p><\/p>\n\n\n\n<h2 class=\"wp-block-heading has-medium-font-size\">3 \u2013 LIMITATION OF LIABILITY<\/h2>\n\n\n\n<p><\/p>\n\n\n\n<p><strong>Sven Vineis&nbsp;<\/strong>cannot be held responsible for direct or indirect damage caused to the user's equipment when accessing the site&nbsp;<strong>https:\/\/svenvineis.com<\/strong>.<\/p>\n\n\n\n<p><strong>Sven Vineis&nbsp;<\/strong>declines all responsibility for the use that may be made of the information and content present on&nbsp;<strong>https:\/\/svenvineis.com<\/strong>.<\/p>\n\n\n\n<p><strong>Sven Vineis\u00a0<\/strong>commits to ensure the best possible security for the site\u00a0<strong>https:\/\/svenvineis.com<\/strong>however, his liability cannot be incurred if unwanted data is imported and installed on his site without his knowledge.<\/p>\n\n\n\n<p><\/p>\n\n\n\n<h2 class=\"wp-block-heading has-medium-font-size\">4 &#8211; CNIL et gestion des donn\u00e9es personnelles<\/h2>\n\n\n\n<p><\/p>\n\n\n\n<p>In accordance with&nbsp;<a href=\"https:\/\/www.legifrance.gouv.fr\/affichTexte.do?cidTexte=JORFTEXT000000886460\" target=\"_blank\" rel=\"noreferrer noopener\">the provisions of Law No. 78-17 of January 6, 1978, as amended<\/a>the user of the site&nbsp;<strong>https:\/\/svenvineis.com<\/strong>&nbsp;has the right to access, modify, and delete the information collected. To exercise this right, send a message to our Data Protection Officer: Sven Vineis.&nbsp;<strong>Sven Vineis<\/strong>.<\/p>\n\n\n\n<p>For more information on how we process your data (type of data, purpose, recipient...), read our Privacy Policy :\u00a0<strong><a href=\"https:\/\/svenvineis.com\/en\/politique-de-confidentialite\/\">https:\/\/svenvineis.com\/en\/politique-de-confidentialite\/<\/a><\/strong>.<\/p>\n\n\n\n<p><\/p>\n\n\n\n<h2 class=\"wp-block-heading has-medium-font-size\">5 \u2013 HYPERTEXT LINKS AND COOKIES<\/h2>\n\n\n\n<p><\/p>\n\n\n\n<p>The site&nbsp;<strong>https:\/\/svenvineis.com<\/strong>&nbsp;contains hypertext links to other sites and disclaims all responsibility for these external links or links created by other sites to&nbsp;<strong>https:\/\/svenvineis.com<\/strong>.<\/p>\n\n\n\n<p>Navigating the site&nbsp;<strong>https:\/\/svenvineis.com<\/strong>&nbsp;ay result in the installation of cookie(s) on the user's computer.<\/p>\n\n\n\n<p>A \"cookie\" is a small file that records information relating to the user's navigation on a site. The data obtained in this way makes it possible to obtain visitor statistics, for example.<\/p>\n\n\n\n<p>You have the option to&nbsp;<strong>accept or refuse cookies<\/strong>&nbsp;by changing your browser settings. No cookie will be deposited without your consent.<\/p>\n\n\n\n<p>For more information on how we use cookies, read our Cookie Policy.<a href=\"https:\/\/svenvineis.com\/en\/politique-de-cookies-ue\/\" data-type=\"link\" data-id=\"https:\/\/svenvineis.com\/politique-de-cookies-ue\/\">\u00a0<strong>https:\/\/svenvineis.com\/en\/politique-de-cookies-ue\/<\/strong><\/a>.\u00a0<\/p>\n\n\n\n<p><\/p>\n\n\n\n<h2 class=\"wp-block-heading has-medium-font-size\">6 &#8211; Droit applicable et attribution de juridiction<\/h2>\n\n\n\n<p><\/p>\n\n\n\n<p>Any dispute relating to the use of the site&nbsp;<strong>https:\/\/svenvineis.com<\/strong>&nbsp;is subject to Swiss law. Except where the law does not permit, exclusive jurisdiction is given to the competent courts of the&nbsp;<strong>Court of First Instance of the Canton of Geneva.<\/strong>.<\/p>","protected":false},"excerpt":{"rendered":"<p>1 &#8211; \u00c9dition du site En vertu de&nbsp;l&rsquo;article 6 de la loi n\u00b0 2004-575 du 21 juin 2004&nbsp;pour la confiance dans l&rsquo;\u00e9conomie num\u00e9rique, il est pr\u00e9cis\u00e9 aux utilisateurs du site internet&nbsp;https:\/\/svenvineis.com&nbsp;l&rsquo;identit\u00e9 des diff\u00e9rents intervenants dans le cadre de sa r\u00e9alisation et de son suivi: Propri\u00e9taire du site :&nbsp;Sven Vineis&nbsp;&#8211; Contact :&nbsp;svenvineis@hotmail.com&nbsp;&#8211; Adresse :&nbsp;38 chemin de [&hellip;]<\/p>\n","protected":false},"author":1,"featured_media":0,"parent":0,"menu_order":0,"comment_status":"closed","ping_status":"closed","template":"","meta":{"_acf_changed":false,"slim_seo":{"noindex":"1","title":"Mentions L\u00e9gales - Sven Vineis","description":"1 - \u00c9dition du site En vertu de&nbsp; l'article 6 de la loi n\u00b0 2004-575 du 21 juin 2004 &nbsp;pour la confiance dans l'\u00e9conomie num\u00e9rique, il est pr\u00e9cis\u00e9 aux ut"},"iawp_total_views":17,"footnotes":""},"class_list":["post-1720","page","type-page","status-publish","hentry"],"acf":[],"_links":{"self":[{"href":"https:\/\/svenvineis.com\/en\/wp-json\/wp\/v2\/pages\/1720","targetHints":{"allow":["GET"]}}],"collection":[{"href":"https:\/\/svenvineis.com\/en\/wp-json\/wp\/v2\/pages"}],"about":[{"href":"https:\/\/svenvineis.com\/en\/wp-json\/wp\/v2\/types\/page"}],"author":[{"embeddable":true,"href":"https:\/\/svenvineis.com\/en\/wp-json\/wp\/v2\/users\/1"}],"replies":[{"embeddable":true,"href":"https:\/\/svenvineis.com\/en\/wp-json\/wp\/v2\/comments?post=1720"}],"version-history":[{"count":9,"href":"https:\/\/svenvineis.com\/en\/wp-json\/wp\/v2\/pages\/1720\/revisions"}],"predecessor-version":[{"id":1935,"href":"https:\/\/svenvineis.com\/en\/wp-json\/wp\/v2\/pages\/1720\/revisions\/1935"}],"wp:attachment":[{"href":"https:\/\/svenvineis.com\/en\/wp-json\/wp\/v2\/media?parent=1720"}],"curies":[{"name":"wp","href":"https:\/\/api.w.org\/{rel}","templated":true}]}}