{"id":818,"date":"2024-04-09T09:56:09","date_gmt":"2024-04-09T07:56:09","guid":{"rendered":"https:\/\/svenvineis.com\/?page_id=818"},"modified":"2025-12-23T11:01:57","modified_gmt":"2025-12-23T10:01:57","slug":"contact","status":"publish","type":"page","link":"https:\/\/svenvineis.com\/en\/contact\/","title":{"rendered":"Contact Me"},"content":{"rendered":"","protected":false},"excerpt":{"rendered":"","protected":false},"author":1,"featured_media":0,"parent":0,"menu_order":0,"comment_status":"closed","ping_status":"closed","template":"","meta":{"_acf_changed":false,"slim_seo":{"title":"Me Contacter - Sven Vineis","description":"Me Contacter N&rsquo;h\u00e9sitez pas \u00e0 me contacter si vous avez des questions ou souhaitez \u00e9changer avec moi ! Me Suivre M'appeler +41 76 793 52 95"},"iawp_total_views":162,"footnotes":""},"class_list":["post-818","page","type-page","status-publish","hentry"],"acf":[],"_links":{"self":[{"href":"https:\/\/svenvineis.com\/en\/wp-json\/wp\/v2\/pages\/818","targetHints":{"allow":["GET"]}}],"collection":[{"href":"https:\/\/svenvineis.com\/en\/wp-json\/wp\/v2\/pages"}],"about":[{"href":"https:\/\/svenvineis.com\/en\/wp-json\/wp\/v2\/types\/page"}],"author":[{"embeddable":true,"href":"https:\/\/svenvineis.com\/en\/wp-json\/wp\/v2\/users\/1"}],"replies":[{"embeddable":true,"href":"https:\/\/svenvineis.com\/en\/wp-json\/wp\/v2\/comments?post=818"}],"version-history":[{"count":71,"href":"https:\/\/svenvineis.com\/en\/wp-json\/wp\/v2\/pages\/818\/revisions"}],"predecessor-version":[{"id":2347,"href":"https:\/\/svenvineis.com\/en\/wp-json\/wp\/v2\/pages\/818\/revisions\/2347"}],"wp:attachment":[{"href":"https:\/\/svenvineis.com\/en\/wp-json\/wp\/v2\/media?parent=818"}],"curies":[{"name":"wp","href":"https:\/\/api.w.org\/{rel}","templated":true}]}}